{"id":19,"date":"2019-02-22T17:49:28","date_gmt":"2019-02-22T16:49:28","guid":{"rendered":"http:\/\/aubry-henri.be\/?page_id=19"},"modified":"2019-03-04T18:57:21","modified_gmt":"2019-03-04T17:57:21","slug":"19-2","status":"publish","type":"page","link":"https:\/\/aubry-henri.be\/","title":{"rendered":""},"content":{"rendered":"\n<p>Mon entreprise a \u00e9t\u00e9 cr\u00e9\u00e9e en janvier 2008.  Au fil des ann\u00e9es, j&rsquo;ai engag\u00e9 du personnel qualifi\u00e9 et acquis du mat\u00e9riel de qualit\u00e9, adapt\u00e9 \u00e0 chaque t\u00e2che. <\/p>\n\n\n\n<p>Chaque personne, particuli\u00e8re ou morale ou Administration peut faire appel \u00e0 mes services. Lors de la r\u00e9alisation du projet, j&rsquo;accompagne mes \u00e9quipes et je ne fais appel \u00e0 aucun sous-traitant.<\/p>\n\n\n\n<div class=\"wp-block-image\"><figure class=\"aligncenter is-resized\"><img loading=\"lazy\" src=\"http:\/\/aubry-henri.be\/wp-content\/uploads\/2019\/02\/000-aubry-henri-parcs-jardins-hacquegnies-frasnes-1024x768.jpg\" alt=\"\" class=\"wp-image-186\" width=\"452\" height=\"340\" srcset=\"https:\/\/aubry-henri.be\/wp-content\/uploads\/2019\/02\/000-aubry-henri-parcs-jardins-hacquegnies-frasnes-1024x768.jpg 1024w, https:\/\/aubry-henri.be\/wp-content\/uploads\/2019\/02\/000-aubry-henri-parcs-jardins-hacquegnies-frasnes-300x225.jpg 300w, https:\/\/aubry-henri.be\/wp-content\/uploads\/2019\/02\/000-aubry-henri-parcs-jardins-hacquegnies-frasnes-768x576.jpg 768w\" sizes=\"(max-width: 452px) 100vw, 452px\" \/><\/figure><\/div>\n\n\n\n<p><strong>Etude &amp; Conception<\/strong><\/p>\n\n\n\n<p>Dans un premier temps, je me d\u00e9place en vue de visualiser l&rsquo;espace du futur projet. Sur demande, je peux \u00e9galement travailler en collaboration avec un architecte-paysagiste pour permettre de visualiser au mieux votre projet sur plan.<\/p>\n\n\n\n<p>L&rsquo;entreprise fera le maximum pour donner une qualit\u00e9 optimale et un r\u00e9sultat \u00e0 la hauteur de vos attentes; tout cela dans les plus brefs d\u00e9lais. Ensemble, nous \u00e9changerons nos id\u00e9es.<\/p>\n\n\n\n<p>Nous travaillons dans la Wallonie Picarde et environ : Mouscron, Tournai, Frasnes-lez-Anvaing, Leuze-en-Hainaut, Ath, Mons, Enghien&#8230;<\/p>\n\n\n\n<p><strong>Tout devis est gratuit<\/strong><\/p>\n","protected":false},"excerpt":{"rendered":"<p>Mon entreprise a \u00e9t\u00e9 cr\u00e9\u00e9e en janvier 2008. Au fil des ann\u00e9es, j&rsquo;ai engag\u00e9 du personnel qualifi\u00e9 et acquis du mat\u00e9riel de qualit\u00e9, adapt\u00e9 \u00e0 chaque t\u00e2che. Chaque personne, particuli\u00e8re ou morale ou Administration peut faire appel \u00e0 mes services.&hellip; <a href=\"https:\/\/aubry-henri.be\/\" class=\"more-link\">Continuer la lecture <span class=\"meta-nav\">&rarr;<\/span><\/a><\/p>\n","protected":false},"author":1,"featured_media":0,"parent":0,"menu_order":0,"comment_status":"closed","ping_status":"closed","template":"","meta":{"ngg_post_thumbnail":0},"_links":{"self":[{"href":"https:\/\/aubry-henri.be\/index.php\/wp-json\/wp\/v2\/pages\/19"}],"collection":[{"href":"https:\/\/aubry-henri.be\/index.php\/wp-json\/wp\/v2\/pages"}],"about":[{"href":"https:\/\/aubry-henri.be\/index.php\/wp-json\/wp\/v2\/types\/page"}],"author":[{"embeddable":true,"href":"https:\/\/aubry-henri.be\/index.php\/wp-json\/wp\/v2\/users\/1"}],"replies":[{"embeddable":true,"href":"https:\/\/aubry-henri.be\/index.php\/wp-json\/wp\/v2\/comments?post=19"}],"version-history":[{"count":6,"href":"https:\/\/aubry-henri.be\/index.php\/wp-json\/wp\/v2\/pages\/19\/revisions"}],"predecessor-version":[{"id":229,"href":"https:\/\/aubry-henri.be\/index.php\/wp-json\/wp\/v2\/pages\/19\/revisions\/229"}],"wp:attachment":[{"href":"https:\/\/aubry-henri.be\/index.php\/wp-json\/wp\/v2\/media?parent=19"}],"curies":[{"name":"wp","href":"https:\/\/api.w.org\/{rel}","templated":true}]}}