{"id":192,"date":"2019-02-27T20:07:19","date_gmt":"2019-02-27T19:07:19","guid":{"rendered":"http:\/\/aubry-henri.be\/?page_id=192"},"modified":"2019-03-04T20:23:34","modified_gmt":"2019-03-04T19:23:34","slug":"creation-entretien-de-jardins","status":"publish","type":"page","link":"https:\/\/aubry-henri.be\/index.php\/creation-entretien-de-jardins\/","title":{"rendered":"Cr\u00e9ation &#038; Entretien de jardins"},"content":{"rendered":"\n<p>Nous proposons : <br><\/p>\n\n\n\n<ul><li> Cr\u00e9ation de gazons<\/li><li>R\u00e9alisation de gazon pour terrain de sport <\/li><\/ul>\n\n\n\n<p><\/p>\n\n\n\n<p>Nous entretenons tous types de jardins :<\/p>\n\n\n\n<ul><li>Taille de haies<\/li><li>Taille d &lsquo;arbustes<\/li><li>Tonte<\/li><li>Scarification<\/li><li>Pose d&rsquo;engrais<\/li><li>Traitement naturel ou chimique des plantes adventices<\/li><li>Plantation d&rsquo;arbres, arbustes&#8230;<\/li><\/ul>\n\n\n\n<p>\nNous travaillons avec des p\u00e9pini\u00e8res de qualit\u00e9 provenant de la r\u00e9gion \n\n<\/p>\n\n\n\n<p><strong>Possibilit\u00e9 de r\u00e9aliser des contrats p\u00e9riodiques ou annuels<\/strong><\/p>\n\n\n\n<p><br><\/p>\n","protected":false},"excerpt":{"rendered":"<p>Nous proposons : Cr\u00e9ation de gazons R\u00e9alisation de gazon pour terrain de sport Nous entretenons tous types de jardins : Taille de haies Taille d &lsquo;arbustes Tonte Scarification Pose d&rsquo;engrais Traitement naturel ou chimique des plantes adventices Plantation d&rsquo;arbres, arbustes&#8230;&hellip; <a href=\"https:\/\/aubry-henri.be\/index.php\/creation-entretien-de-jardins\/\" class=\"more-link\">Continuer la lecture <span class=\"meta-nav\">&rarr;<\/span><\/a><\/p>\n","protected":false},"author":1,"featured_media":0,"parent":0,"menu_order":0,"comment_status":"closed","ping_status":"closed","template":"","meta":{"ngg_post_thumbnail":0},"_links":{"self":[{"href":"https:\/\/aubry-henri.be\/index.php\/wp-json\/wp\/v2\/pages\/192"}],"collection":[{"href":"https:\/\/aubry-henri.be\/index.php\/wp-json\/wp\/v2\/pages"}],"about":[{"href":"https:\/\/aubry-henri.be\/index.php\/wp-json\/wp\/v2\/types\/page"}],"author":[{"embeddable":true,"href":"https:\/\/aubry-henri.be\/index.php\/wp-json\/wp\/v2\/users\/1"}],"replies":[{"embeddable":true,"href":"https:\/\/aubry-henri.be\/index.php\/wp-json\/wp\/v2\/comments?post=192"}],"version-history":[{"count":5,"href":"https:\/\/aubry-henri.be\/index.php\/wp-json\/wp\/v2\/pages\/192\/revisions"}],"predecessor-version":[{"id":242,"href":"https:\/\/aubry-henri.be\/index.php\/wp-json\/wp\/v2\/pages\/192\/revisions\/242"}],"wp:attachment":[{"href":"https:\/\/aubry-henri.be\/index.php\/wp-json\/wp\/v2\/media?parent=192"}],"curies":[{"name":"wp","href":"https:\/\/api.w.org\/{rel}","templated":true}]}}